{"id":319,"date":"2023-07-26T11:06:00","date_gmt":"2023-07-26T11:06:00","guid":{"rendered":"https:\/\/fits.de\/de\/?page_id=319"},"modified":"2024-06-10T12:15:33","modified_gmt":"2024-06-10T12:15:33","slug":"impressum","status":"publish","type":"page","link":"https:\/\/fits.de\/de\/impressum\/","title":{"rendered":"Impressum"},"content":{"rendered":"\n<div class=\"wp-block-group has-global-padding is-layout-constrained wp-block-group-is-layout-constrained\">\n<h1 class=\"wp-block-heading has-blue-700-color has-text-color\">Impressum<\/h1>\n\n\n\n<p><strong>Angaben gem\u00e4\u00df \u00a7 5 TMG<\/strong><\/p>\n\n\n\n<p>FITS job konzepte&nbsp;GmbH<br>B\u00fcrgerweide 4<br>20535 Hamburg<br>Handelsregister: HRB 89953<br>Registergericht: Amtsgericht Hamburg<\/p>\n\n\n\n<p><strong>Vertreten durch den Gesch\u00e4ftsf\u00fchrer:<\/strong><br>J\u00f6rg Krause-D\u00fcnow<\/p>\n\n\n\n<h2 class=\"wp-block-heading has-blue-700-color has-text-color\"><strong>Kontakt<\/strong><\/h2>\n\n\n\n<p>Tel.: 0800 3778811<br>Fax: 040 37890333<br>E-Mail: info@fits.de<\/p>\n\n\n\n<p><strong>Umsatzsteuer-ID<\/strong><br>Umsatzsteuer-Identifikationsnummer gem\u00e4\u00df \u00a727 a Umsatzsteuergesetz:<br>DE260245903<br>Wir sind nicht bereit oder verpflichtet, an Streitbeilegungsverfahren vor einer Verbraucherschlichtungsstelle teilzunehmen.<\/p>\n\n\n\n<h2 class=\"wp-block-heading has-blue-700-color has-text-color\"><strong>Umsetzung<\/strong><\/h2>\n\n\n\n<p>E-Mail: info@p2er.com<\/p>\n\n\n\n<p><strong>P2ER GmbH<\/strong><br>G\u00e4nselieselweg 9<br>22119 Hamburg<br><a href=\"https:\/\/www.p2er.com\" target=\"_blank\" rel=\"noreferrer noopener\">www.p2er.com<\/a><\/p>\n\n\n\n<h2 class=\"wp-block-heading has-blue-700-color has-text-color\"><strong>Haftung f\u00fcr Inhalte<\/strong><\/h2>\n\n\n\n<p>Als Diensteanbieter sind wir gem\u00e4\u00df \u00a7 7 Abs.1 TMG f\u00fcr eigene Inhalte auf diesen Seiten nach den allgemeinen Gesetzen verantwortlich. Nach \u00a7\u00a7 8 bis 10 TMG sind wir als Diensteanbieter jedoch nicht verpflichtet, \u00fcbermittelte oder gespeicherte fremde Informationen zu \u00fcberwachen oder nach Umst\u00e4nden zu forschen, die auf eine rechtswidrige T\u00e4tigkeit hinweisen.<\/p>\n\n\n\n<p>Verpflichtungen zur Entfernung oder Sperrung der Nutzung von Informationen nach den allgemeinen Gesetzen bleiben hiervon unber\u00fchrt. Eine diesbez\u00fcgliche Haftung ist jedoch erst ab dem Zeitpunkt der Kenntnis einer konkreten Rechtsverletzung m\u00f6glich. Bei Bekanntwerden von entsprechenden Rechtsverletzungen werden wir diese Inhalte umgehend entfernen.<\/p>\n\n\n\n<h2 class=\"wp-block-heading has-blue-700-color has-text-color\"><strong>Haftung f\u00fcr Links<\/strong><\/h2>\n\n\n\n<p>Unser Angebot enth\u00e4lt Links zu externen Websites Dritter, auf deren Inhalte wir keinen Einfluss haben. Deshalb k\u00f6nnen wir f\u00fcr diese fremden Inhalte auch keine Gew\u00e4hr \u00fcbernehmen. F\u00fcr die Inhalte der verlinkten Seiten ist stets der jeweilige Anbieter oder Betreiber der Seiten verantwortlich. Die verlinkten Seiten wurden zum Zeitpunkt der Verlinkung auf m\u00f6gliche Rechtsverst\u00f6\u00dfe \u00fcberpr\u00fcft. Rechtswidrige Inhalte waren zum Zeitpunkt der Verlinkung nicht erkennbar.<\/p>\n\n\n\n<p>Eine permanente inhaltliche Kontrolle der verlinkten Seiten ist jedoch ohne konkrete Anhaltspunkte einer Rechtsverletzung nicht zumutbar. Bei Bekanntwerden von Rechtsverletzungen werden wir derartige Links umgehend entfernen.<\/p>\n\n\n\n<h2 class=\"wp-block-heading has-blue-700-color has-text-color\"><strong>Urheberrecht<\/strong><\/h2>\n\n\n\n<p>Die durch die Seitenbetreiber erstellten Inhalte und Werke auf diesen Seiten unterliegen dem deutschen Urheberrecht. Die Vervielf\u00e4ltigung, Bearbeitung, Verbreitung und jede Art der Verwertung au\u00dferhalb der Grenzen des Urheberrechtes bed\u00fcrfen der schriftlichen Zustimmung des jeweiligen Autors bzw. Erstellers. Downloads und Kopien dieser Seite sind nur f\u00fcr den privaten, nicht kommerziellen Gebrauch gestattet.<\/p>\n\n\n\n<p>Soweit die Inhalte auf dieser Seite nicht vom Betreiber erstellt wurden, werden die Urheberrechte Dritter beachtet. Insbesondere werden Inhalte Dritter als solche gekennzeichnet. Sollten Sie trotzdem auf eine Urheberrechtsverletzung aufmerksam werden, bitten wir um einen entsprechenden Hinweis. Bei Bekanntwerden von Rechtsverletzungen werden wir derartige Inhalte umgehend entfernen.<\/p>\n<\/div>\n\n\n\n<div class=\"wp-block-group has-global-padding is-layout-constrained wp-block-group-is-layout-constrained\">\n<h2 class=\"wp-block-heading has-blue-700-color has-text-color\">Allgemeine Gesch\u00e4fts\u00adbedingungen<\/h2>\n\n\n\n<h3 class=\"wp-block-heading has-blue-700-color has-text-color\">Allgemeines<\/h3>\n\n\n\n<p>Die vorliegenden Gesch\u00e4ftsbedingungen gelten f\u00fcr alle gegenw\u00e4rtigen und zuk\u00fcnftigen Gesch\u00e4ftsbeziehungen. Abweichende, entgegenstehende oder erg\u00e4nzende allgemeine Gesch\u00e4ftsbedingungen unserer Vertragspartner werden, selbst bei Kenntnis, nicht Vertragsbestandteil, es sei denn, ihrer Geltung wird ausdr\u00fccklich schriftlich zugestimmt.<\/p>\n\n\n\n<h3 class=\"wp-block-heading has-blue-700-color has-text-color\">Anmeldung<\/h3>\n\n\n\n<p>Anmeldungen k\u00f6nnen telefonisch, schriftlich oder auf anderem Wege erfolgen. Ein Vertrag kommt mit Zugang unserer Auftragsbest\u00e4tigung zustande. Die Anmeldungen werden in der Reihenfolge ihres Einganges bearbeitet. Durch Ihre Anmeldung erkl\u00e4ren Sie sich mit der elektronischen Speicherung Ihrer Daten einverstanden. Eine Weitergabe der Daten an Dritte ist ausgeschlossen.<\/p>\n\n\n\n<h3 class=\"wp-block-heading has-blue-700-color has-text-color\">R\u00fccktritt von der Teilnahme<\/h3>\n\n\n\n<p>Teilnehmer k\u00f6nnen bis zu einer Woche vor Veranstaltungsbeginn kostenlos von dem Vertrag zur\u00fccktreten (Zeitpunkt des Eingangs der R\u00fccktrittserkl\u00e4rung bei uns); bei einem sp\u00e4teren R\u00fccktritt wird eine angemessene Entsch\u00e4digung erhoben. Ein Ersatzteilnehmer kann jederzeit gestellt werden. Bei l\u00e4ngerfristigen Veranstaltungen ist die K\u00fcndigung mindestens halbj\u00e4hrlich mit einer Frist von 6 Wochen m\u00f6glich. Die Erkl\u00e4rung des R\u00fccktrittes sowie die Mitteilung \u00fcber die Stellung eines Ersatzteilnehmers bed\u00fcrfen der Schriftform. Gesetzliche Bestimmungen zur au\u00dferordentlichen K\u00fcndigung bleiben davon unber\u00fchrt.<\/p>\n\n\n\n<h3 class=\"wp-block-heading has-blue-700-color has-text-color\">R\u00fccktritt von der Durchf\u00fchrung<\/h3>\n\n\n\n<p>Wir sind berechtigt, wegen zu geringer Teilnehmerzahl von der Durchf\u00fchrung einer Veranstaltung zur\u00fcckzutreten. Die Absage einer Veranstaltung bei zu geringer Teilnehmerzahl wird sp\u00e4testens eine Woche vor Beginn bekannt gegeben. Die Angabe der Mindestteilnehmerzahl erfolgt sp\u00e4testens mit der Auftragsbest\u00e4tigung. Dar\u00fcber hinaus behalten wir uns den R\u00fccktritt von der Durchf\u00fchrung einer Veranstaltung wegen Erkrankung eines Dozenten bzw. Trainers oder h\u00f6herer Gewalt vor. F\u00fcr den Fall des R\u00fccktritts von der Durchf\u00fchrung hat der Teilnehmer einen Anspruch auf Erstattung der bereits geleisteten Geb\u00fchren. Ein Anspruch auf Ersatz von Arbeitsausfall besteht nicht.<\/p>\n\n\n\n<h3 class=\"wp-block-heading has-blue-700-color has-text-color\">\u00c4nderung der Durchf\u00fchrung<\/h3>\n\n\n\n<p>Wir behalten uns das Recht vor, die Inhalte von Veranstaltungen geringf\u00fcgig zu modifizieren.<br>Wir behalten uns auch das Recht vor, mit rechtzeitiger Vorank\u00fcndigung Termin- und Ortverschiebungen vorzunehmen. Kann der Kunde in diesem Fall die Veranstaltung nicht wahrnehmen, steht ihm das Recht zu kostenloser Umbuchung auf eine andere Veranstaltung zum gleichen Thema oder aber das Recht zum kostenlosen R\u00fccktritt zu.<\/p>\n\n\n\n<p>Sollte im Rahmen der Durchf\u00fchrung einer Firmenveranstaltung der Dozent bzw. Trainer verhindert sein, beh\u00e4lt sich FITS das Recht vor, einen neuen Dozenten bzw. Trainer zu benennen. Sofern ein solcher nicht zur Verf\u00fcgung steht, behalten wir uns das Recht vor, eine Terminverschiebung vorzunehmen. Ein neuer Termin erfolgt nach R\u00fccksprache mit dem Kunden.<\/p>\n\n\n\n<h3 class=\"wp-block-heading has-blue-700-color has-text-color\">Zahlungsbedingungen<\/h3>\n\n\n\n<p>Die Veranstaltungsgeb\u00fchren sowie anfallende Lernmittelkosten sind zu Beginn der Veranstaltung ohne Abzug zu begleichen. Es gelten die Preise des der Anmeldung zugrundeliegenden Angebotes. Eine nur zeitweise Teilnahme am Seminar berechtigt nicht zur Geb\u00fchrenminderung.<\/p>\n\n\n\n<h3 class=\"wp-block-heading has-blue-700-color has-text-color\">Haftung<\/h3>\n\n\n\n<p>In den Veranstaltungen werden Vortrag, Unterricht und \u00dcbungen so gestaltet, dass ein aufmerksamer Teilnehmer die Ziele der Veranstaltung erreichen kann. F\u00fcr den Schulungserfolg haften wir jedoch nicht.<\/p>\n\n\n\n<p>Wir haften nach den gesetzlichen Bestimmungen, sofern der Kunde Schadensersatzanspr\u00fcche geltend macht, die auf Vorsatz oder grober Fahrl\u00e4ssigkeit, einschlie\u00dflich von Vorsatz oder grober Fahrl\u00e4ssigkeit unserer Vertreter oder Erf\u00fcllungsgehilfen beruhen. Soweit uns keine vors\u00e4tzliche Vertragsverletzung angelastet wird, ist die Schadensersatzhaftung auf den vorhersehbaren, typischerweise eintretenden Schaden begrenzt. Im Falle einfacher Fahrl\u00e4ssigkeit haften wir nur bei der Verletzung wesentlicher Vertragspflichten, hier allerdings auch beschr\u00e4nkt auf den vorhersehbaren, typischerweise eintretenden Schaden. Die Haftung wegen schuldhafter Verletzung des Lebens, des K\u00f6rpers oder der Gesundheit bleibt unber\u00fchrt.<\/p>\n\n\n\n<h3 class=\"wp-block-heading has-blue-700-color has-text-color\">Sonstiges<\/h3>\n\n\n\n<p>Unsere Hausordnung ist Bestandteil der AGBs. Nebenabreden zu Vertragsbestandteilen bed\u00fcrfen f\u00fcr ihre Rechtswirksamkeit grunds\u00e4tzlich der Schriftform. Auf das Vertragsverh\u00e4ltnis und seine Durchf\u00fchrung findet ausschlie\u00dflich das Recht der Bundesrepublik Deutschland unter Ausschluss internationaler Abkommen Anwendung. Gerichtsstand ist Hamburg.<\/p>\n<\/div>\n","protected":false},"excerpt":{"rendered":"<p>Impressum Angaben gem\u00e4\u00df \u00a7 5 TMG FITS job konzepte&nbsp;GmbHB\u00fcrgerweide 420535 HamburgHandelsregister: HRB 89953Registergericht: Amtsgericht Hamburg Vertreten durch den Gesch\u00e4ftsf\u00fchrer:J\u00f6rg Krause-D\u00fcnow Kontakt Tel.: 0800 3778811Fax: 040 37890333E-Mail: info@fits.de Umsatzsteuer-IDUmsatzsteuer-Identifikationsnummer gem\u00e4\u00df \u00a727 a Umsatzsteuergesetz:DE260245903Wir sind nicht bereit oder verpflichtet, an Streitbeilegungsverfahren vor einer Verbraucherschlichtungsstelle teilzunehmen. Umsetzung E-Mail: info@p2er.com P2ER GmbHG\u00e4nselieselweg 922119 Hamburgwww.p2er.com Haftung f\u00fcr Inhalte Als Diensteanbieter [&hellip;]<\/p>\n","protected":false},"author":1,"featured_media":0,"parent":0,"menu_order":0,"comment_status":"closed","ping_status":"closed","template":"","meta":{"footnotes":""},"class_list":["post-319","page","type-page","status-publish","hentry"],"_links":{"self":[{"href":"https:\/\/fits.de\/de\/wp-json\/wp\/v2\/pages\/319","targetHints":{"allow":["GET"]}}],"collection":[{"href":"https:\/\/fits.de\/de\/wp-json\/wp\/v2\/pages"}],"about":[{"href":"https:\/\/fits.de\/de\/wp-json\/wp\/v2\/types\/page"}],"author":[{"embeddable":true,"href":"https:\/\/fits.de\/de\/wp-json\/wp\/v2\/users\/1"}],"replies":[{"embeddable":true,"href":"https:\/\/fits.de\/de\/wp-json\/wp\/v2\/comments?post=319"}],"version-history":[{"count":11,"href":"https:\/\/fits.de\/de\/wp-json\/wp\/v2\/pages\/319\/revisions"}],"predecessor-version":[{"id":4628,"href":"https:\/\/fits.de\/de\/wp-json\/wp\/v2\/pages\/319\/revisions\/4628"}],"wp:attachment":[{"href":"https:\/\/fits.de\/de\/wp-json\/wp\/v2\/media?parent=319"}],"curies":[{"name":"wp","href":"https:\/\/api.w.org\/{rel}","templated":true}]}}